{"id":1519,"date":"2022-09-17T19:27:38","date_gmt":"2022-09-17T19:27:38","guid":{"rendered":"https:\/\/mamutartstudio.wordpress.com\/?page_id=1519"},"modified":"2023-08-22T12:55:35","modified_gmt":"2023-08-22T12:55:35","slug":"artista","status":"publish","type":"page","link":"https:\/\/test.mamutartstudio.com\/index.php\/artista\/","title":{"rendered":"Artista"},"content":{"rendered":"\n<figure class=\"wp-block-image alignfull size-full\"><img loading=\"lazy\" decoding=\"async\" width=\"2000\" height=\"1377\" src=\"https:\/\/mamutartstudio.com\/wp-content\/uploads\/2023\/07\/DSC_1081.jpg\" alt=\"\" class=\"wp-image-2413\" srcset=\"https:\/\/test.mamutartstudio.com\/wp-content\/uploads\/2023\/07\/DSC_1081.jpg 2000w, https:\/\/test.mamutartstudio.com\/wp-content\/uploads\/2023\/07\/DSC_1081-300x207.jpg 300w, https:\/\/test.mamutartstudio.com\/wp-content\/uploads\/2023\/07\/DSC_1081-1024x705.jpg 1024w, https:\/\/test.mamutartstudio.com\/wp-content\/uploads\/2023\/07\/DSC_1081-768x529.jpg 768w, https:\/\/test.mamutartstudio.com\/wp-content\/uploads\/2023\/07\/DSC_1081-1536x1058.jpg 1536w\" sizes=\"auto, (max-width: 2000px) 100vw, 2000px\" \/><\/figure>\n\n\n\n<p class=\"has-text-color has-small-font-size\" style=\"color:#9b9b9b\">Si eres artista y necesitas fotograf\u00edas para tu book, para tu web, redes sociales, carteles promocionales\u2026 Te puedo ayudar para que tengas unas fotograf\u00edas profesionales.<\/p>\n\n\n\n<p class=\"has-text-color has-small-font-size\" style=\"color:#9b9b9b\"><br>Mi sensibilidad como artista me ayuda a entender cualquier tipo de arte.&nbsp;<\/p>\n\n\n\n<p class=\"has-text-color has-small-font-size\" style=\"color:#9b9b9b\"><br><strong>Te cuento un poco de mi trayectoria art\u00edstica:&nbsp;<\/strong><br>La danza y la m\u00fasica me apasionan, he cantado en coral y soy bailarina desde hace unos cuantos a\u00f1os, participando tambi\u00e9n en alg\u00fan que otro espect\u00e1culo. Todo esto me ayuda a entender mejor c\u00f3mo plasmar emociones y cu\u00e1ndo hacer clic con el bot\u00f3n de mi c\u00e1mara en el momento justo.<\/p>\n\n\n\n<p class=\"has-text-color has-small-font-size\" style=\"color:#9b9b9b\"><br>Un reportaje de fotos no solo es el momento de hacerte las fotos, es un proceso que hay que preparar conjuntamente para que pueda entender tu proyecto art\u00edstico y conseguir crear un espacio donde te sientas a gusto y que quede reflejado en el resultado final.<\/p>\n\n\n\n<div class=\"wp-block-coblocks-gallery-stacked alignfull\"><ul class=\"coblocks-gallery has-margin\"><li class=\"coblocks-gallery--item\"><figure class=\"coblocks-gallery--figure has-margin-bottom-10 has-margin-bottom-mobile-15\"><img decoding=\"async\" src=\"https:\/\/mamutartstudio.files.wordpress.com\/2022\/10\/dsc_0165-editar.jpg?w=750\" alt=\"\" data-id=\"1917\" data-imglink=\"\" class=\"wp-image-1917 has-shadow-none\"><\/figure><\/li><li class=\"coblocks-gallery--item\"><figure class=\"coblocks-gallery--figure has-margin-bottom-10 has-margin-bottom-mobile-15\"><img decoding=\"async\" src=\"https:\/\/mamutartstudio.files.wordpress.com\/2022\/10\/img_8428.jpg?w=766\" alt=\"\" data-id=\"1939\" data-imglink=\"\" class=\"wp-image-1939 has-shadow-none\"><\/figure><\/li><li class=\"coblocks-gallery--item\"><figure class=\"coblocks-gallery--figure has-margin-bottom-10 has-margin-bottom-mobile-15\"><img decoding=\"async\" src=\"https:\/\/mamutartstudio.files.wordpress.com\/2022\/10\/1w4a1477-1.jpg?w=1024\" alt=\"\" data-id=\"1956\" data-imglink=\"\" class=\"wp-image-1956 has-shadow-none\"><\/figure><\/li><li class=\"coblocks-gallery--item\"><figure class=\"coblocks-gallery--figure has-margin-bottom-10 has-margin-bottom-mobile-15\"><img decoding=\"async\" src=\"https:\/\/mamutartstudio.files.wordpress.com\/2022\/10\/dsc_1182-editar.jpg?w=1024\" alt=\"\" data-id=\"1955\" data-imglink=\"\" class=\"wp-image-1955 has-shadow-none\"><\/figure><\/li><li class=\"coblocks-gallery--item\"><figure class=\"coblocks-gallery--figure has-margin-bottom-10 has-margin-bottom-mobile-15\"><img decoding=\"async\" src=\"https:\/\/mamutartstudio.files.wordpress.com\/2022\/10\/img_2959.jpg?w=779\" alt=\"\" data-id=\"1952\" data-imglink=\"\" class=\"wp-image-1952 has-shadow-none\"><\/figure><\/li><li class=\"coblocks-gallery--item\"><figure class=\"coblocks-gallery--figure has-margin-bottom-10 has-margin-bottom-mobile-15\"><img decoding=\"async\" src=\"https:\/\/mamutartstudio.files.wordpress.com\/2022\/10\/dsc_1946.jpg?w=683\" alt=\"\" data-id=\"1951\" data-imglink=\"\" class=\"wp-image-1951 has-shadow-none\"><\/figure><\/li><li class=\"coblocks-gallery--item\"><figure class=\"coblocks-gallery--figure has-margin-bottom-10 has-margin-bottom-mobile-15\"><img decoding=\"async\" src=\"https:\/\/mamutartstudio.files.wordpress.com\/2022\/10\/dsc_0903-2.jpg?w=1024\" alt=\"\" data-id=\"1950\" data-imglink=\"\" class=\"wp-image-1950 has-shadow-none\"><\/figure><\/li><li class=\"coblocks-gallery--item\"><figure class=\"coblocks-gallery--figure has-margin-bottom-10 has-margin-bottom-mobile-15\"><img decoding=\"async\" src=\"https:\/\/mamutartstudio.files.wordpress.com\/2022\/10\/dsc_0251.jpg?w=1000\" alt=\"\" data-id=\"1949\" data-imglink=\"\" class=\"wp-image-1949 has-shadow-none\"><\/figure><\/li><li class=\"coblocks-gallery--item\"><figure class=\"coblocks-gallery--figure has-margin-bottom-10 has-margin-bottom-mobile-15\"><img decoding=\"async\" src=\"https:\/\/mamutartstudio.files.wordpress.com\/2022\/10\/img_2417.jpg?w=682\" alt=\"\" data-id=\"1935\" data-imglink=\"\" class=\"wp-image-1935 has-shadow-none\"><\/figure><\/li><li class=\"coblocks-gallery--item\"><figure class=\"coblocks-gallery--figure has-margin-bottom-10 has-margin-bottom-mobile-15\"><img decoding=\"async\" src=\"https:\/\/mamutartstudio.files.wordpress.com\/2022\/10\/dsc_0047-editar.jpg?w=1024\" alt=\"\" data-id=\"1936\" data-imglink=\"\" class=\"wp-image-1936 has-shadow-none\"><\/figure><\/li><li class=\"coblocks-gallery--item\"><figure class=\"coblocks-gallery--figure has-margin-bottom-10 has-margin-bottom-mobile-15\"><img decoding=\"async\" src=\"https:\/\/mamutartstudio.files.wordpress.com\/2022\/10\/dsc_0526-editar.jpg?w=1024\" alt=\"\" data-id=\"1920\" data-imglink=\"\" class=\"wp-image-1920 has-shadow-none\"><\/figure><\/li><li class=\"coblocks-gallery--item\"><figure class=\"coblocks-gallery--figure has-margin-bottom-10 has-margin-bottom-mobile-15\"><img decoding=\"async\" src=\"https:\/\/mamutartstudio.files.wordpress.com\/2022\/10\/1w4a1146.jpg?w=1024\" alt=\"\" data-id=\"1929\" data-imglink=\"\" class=\"wp-image-1929 has-shadow-none\"><\/figure><\/li><li class=\"coblocks-gallery--item\"><figure class=\"coblocks-gallery--figure has-margin-bottom-10 has-margin-bottom-mobile-15\"><img decoding=\"async\" src=\"https:\/\/mamutartstudio.files.wordpress.com\/2022\/10\/img_2430.jpg?w=1024\" alt=\"\" data-id=\"1938\" data-imglink=\"\" class=\"wp-image-1938 has-shadow-none\"><\/figure><\/li><li class=\"coblocks-gallery--item\"><figure class=\"coblocks-gallery--figure has-margin-bottom-10 has-margin-bottom-mobile-15\"><img decoding=\"async\" src=\"https:\/\/mamutartstudio.files.wordpress.com\/2022\/10\/1w4a3078.jpg?w=1024\" alt=\"\" data-id=\"1946\" data-imglink=\"\" class=\"wp-image-1946 has-shadow-none\"><\/figure><\/li><li class=\"coblocks-gallery--item\"><figure class=\"coblocks-gallery--figure has-margin-bottom-10 has-margin-bottom-mobile-15\"><img decoding=\"async\" src=\"https:\/\/mamutartstudio.files.wordpress.com\/2022\/10\/1w4a1537-editar.jpg?w=963\" alt=\"\" data-id=\"1943\" data-imglink=\"\" class=\"wp-image-1943 has-shadow-none\"><\/figure><\/li><li class=\"coblocks-gallery--item\"><figure class=\"coblocks-gallery--figure has-margin-bottom-10 has-margin-bottom-mobile-15\"><img decoding=\"async\" src=\"https:\/\/mamutartstudio.files.wordpress.com\/2022\/10\/img_2451.jpg?w=1024\" alt=\"\" data-id=\"1940\" data-imglink=\"\" class=\"wp-image-1940 has-shadow-none\"><\/figure><\/li><li class=\"coblocks-gallery--item\"><figure class=\"coblocks-gallery--figure has-margin-bottom-10 has-margin-bottom-mobile-15\"><img decoding=\"async\" src=\"https:\/\/mamutartstudio.files.wordpress.com\/2022\/10\/1w4a9258.jpg?w=1024\" alt=\"\" data-id=\"1948\" data-imglink=\"\" class=\"wp-image-1948 has-shadow-none\"><\/figure><\/li><li class=\"coblocks-gallery--item\"><figure class=\"coblocks-gallery--figure has-margin-bottom-10 has-margin-bottom-mobile-15\"><img decoding=\"async\" src=\"https:\/\/mamutartstudio.files.wordpress.com\/2022\/10\/1w4a2913.jpg?w=1024\" alt=\"\" data-id=\"1945\" data-imglink=\"\" class=\"wp-image-1945 has-shadow-none\"><\/figure><\/li><li class=\"coblocks-gallery--item\"><figure class=\"coblocks-gallery--figure has-margin-bottom-10 has-margin-bottom-mobile-15\"><img decoding=\"async\" src=\"https:\/\/mamutartstudio.files.wordpress.com\/2022\/10\/1w4a9258.jpg?w=1024\" alt=\"\" data-id=\"1948\" data-imglink=\"\" class=\"wp-image-1948 has-shadow-none\"><\/figure><\/li><li class=\"coblocks-gallery--item\"><figure class=\"coblocks-gallery--figure has-margin-bottom-10 has-margin-bottom-mobile-15\"><img decoding=\"async\" src=\"https:\/\/mamutartstudio.files.wordpress.com\/2022\/10\/dsc_0868-editar.jpg?w=1024\" alt=\"\" data-id=\"1923\" data-imglink=\"\" class=\"wp-image-1923 has-shadow-none\"><\/figure><\/li><li class=\"coblocks-gallery--item\"><figure class=\"coblocks-gallery--figure has-margin-bottom-10 has-margin-bottom-mobile-15\"><img decoding=\"async\" src=\"https:\/\/mamutartstudio.files.wordpress.com\/2016\/06\/dsc_0214-editar-editar.jpg?w=1024\" alt=\"\" data-id=\"970\" data-imglink=\"\" class=\"wp-image-970 has-shadow-none\"><\/figure><\/li><li class=\"coblocks-gallery--item\"><figure class=\"coblocks-gallery--figure has-margin-bottom-10 has-margin-bottom-mobile-15\"><img decoding=\"async\" src=\"https:\/\/mamutartstudio.files.wordpress.com\/2022\/10\/1w4a2513.jpg?w=1024\" alt=\"\" data-id=\"1944\" data-imglink=\"\" class=\"wp-image-1944 has-shadow-none\"><\/figure><\/li><li class=\"coblocks-gallery--item\"><figure class=\"coblocks-gallery--figure has-margin-bottom-10 has-margin-bottom-mobile-15\"><img decoding=\"async\" src=\"https:\/\/mamutartstudio.files.wordpress.com\/2016\/06\/img_0259-editar.jpg?w=683\" alt=\"\" data-id=\"978\" data-imglink=\"\" class=\"wp-image-978 has-shadow-none\"><\/figure><\/li><\/ul><\/div>\n","protected":false},"excerpt":{"rendered":"<p>Si eres artista y necesitas fotograf\u00edas para tu book, para tu web, redes sociales, carteles promocionales\u2026 Te puedo ayudar para<\/p>\n<p><a href=\"https:\/\/test.mamutartstudio.com\/index.php\/artista\/\" class=\"more-link\">Seguir leyendo<span class=\"screen-reader-text\">Artista<\/span><\/a><\/p>\n","protected":false},"author":1,"featured_media":1631,"parent":0,"menu_order":0,"comment_status":"closed","ping_status":"closed","template":"","meta":{"om_disable_all_campaigns":false,"_monsterinsights_skip_tracking":false,"_monsterinsights_sitenote_active":false,"_monsterinsights_sitenote_note":"","_monsterinsights_sitenote_category":0,"_uf_show_specific_survey":0,"_uf_disable_surveys":false,"footnotes":""},"class_list":["post-1519","page","type-page","status-publish","has-post-thumbnail","hentry"],"_links":{"self":[{"href":"https:\/\/test.mamutartstudio.com\/index.php\/wp-json\/wp\/v2\/pages\/1519","targetHints":{"allow":["GET"]}}],"collection":[{"href":"https:\/\/test.mamutartstudio.com\/index.php\/wp-json\/wp\/v2\/pages"}],"about":[{"href":"https:\/\/test.mamutartstudio.com\/index.php\/wp-json\/wp\/v2\/types\/page"}],"author":[{"embeddable":true,"href":"https:\/\/test.mamutartstudio.com\/index.php\/wp-json\/wp\/v2\/users\/1"}],"replies":[{"embeddable":true,"href":"https:\/\/test.mamutartstudio.com\/index.php\/wp-json\/wp\/v2\/comments?post=1519"}],"version-history":[{"count":3,"href":"https:\/\/test.mamutartstudio.com\/index.php\/wp-json\/wp\/v2\/pages\/1519\/revisions"}],"predecessor-version":[{"id":2538,"href":"https:\/\/test.mamutartstudio.com\/index.php\/wp-json\/wp\/v2\/pages\/1519\/revisions\/2538"}],"wp:featuredmedia":[{"embeddable":true,"href":"https:\/\/test.mamutartstudio.com\/index.php\/wp-json\/"}],"wp:attachment":[{"href":"https:\/\/test.mamutartstudio.com\/index.php\/wp-json\/wp\/v2\/media?parent=1519"}],"curies":[{"name":"wp","href":"https:\/\/api.w.org\/{rel}","templated":true}]}}