{"id":1518,"date":"2022-09-17T19:27:37","date_gmt":"2022-09-17T19:27:37","guid":{"rendered":"https:\/\/mamutartstudio.wordpress.com\/?page_id=1518"},"modified":"2023-07-26T11:38:17","modified_gmt":"2023-07-26T11:38:17","slug":"talleres","status":"publish","type":"page","link":"https:\/\/test.mamutartstudio.com\/index.php\/talleres\/","title":{"rendered":"Talleres"},"content":{"rendered":"\n<figure class=\"wp-block-image alignfull size-full\"><img loading=\"lazy\" decoding=\"async\" width=\"1024\" height=\"768\" src=\"https:\/\/mamutartstudio.com\/wp-content\/uploads\/2023\/07\/Mari.jpg\" alt=\"\" class=\"wp-image-2421\" srcset=\"https:\/\/test.mamutartstudio.com\/wp-content\/uploads\/2023\/07\/Mari.jpg 1024w, https:\/\/test.mamutartstudio.com\/wp-content\/uploads\/2023\/07\/Mari-300x225.jpg 300w, https:\/\/test.mamutartstudio.com\/wp-content\/uploads\/2023\/07\/Mari-768x576.jpg 768w, https:\/\/test.mamutartstudio.com\/wp-content\/uploads\/2023\/07\/Mari-440x330.jpg 440w, https:\/\/test.mamutartstudio.com\/wp-content\/uploads\/2023\/07\/Mari-920x690.jpg 920w\" sizes=\"auto, (max-width: 1024px) 100vw, 1024px\" \/><\/figure>\n\n\n\n<p class=\"has-text-align-center has-light-gray-color has-text-color has-large-font-size\"><strong><em>Muestra tu proyecto. Dale alas a tu creatividad. Potencia tu esencia<\/em><\/strong><\/p>\n\n\n\n<p class=\"has-light-gray-color has-text-color has-small-font-size\">Desde que era peque\u00f1a, muchos temas art\u00edsticos que me han interesado no ten\u00edan una oferta educativa tan extensa como disponemos hoy en d\u00eda e internet acababa de empezar. As\u00ed que siempre he sido muy autodidacta. Todo esto me ha llevado a formarme tambi\u00e9n como docente para poder ayudar a otr@s personas.<\/p>\n\n\n\n<p class=\"has-light-gray-color has-text-color has-small-font-size\">&nbsp;Todos los cursos y talleres que imparto est\u00e1n orientados para desarrollar tus proyectos y potenciar tu creatividad.<br><\/p>\n\n\n\n<p class=\"has-light-gray-color has-text-color has-normal-font-size\"><strong>\u00bfQu\u00e9 talleres ofrezco?<\/strong><\/p>\n\n\n\n<p class=\"has-light-gray-color has-text-color has-small-font-size\"><strong>Taller de Cartas de las Diosas<\/strong><br>Es un proyecto que he empezado recientemente y que consiste en trabajar nuestra Diosa interior. Es algo que me apetec\u00eda mucho probar desde hace tiempo y que he decidido iniciar y compartir con mis compa\u00f1eras del grupo SEM de mujeres en el que participo.<\/p>\n\n\n\n<figure class=\"wp-block-image size-large\"><a href=\"https:\/\/mamutartstudio.files.wordpress.com\/2022\/10\/taller_caixes.jpg\"><img decoding=\"async\" src=\"https:\/\/mamutartstudio.files.wordpress.com\/2022\/10\/taller_caixes.jpg?w=1024\" alt=\"\" class=\"wp-image-1969\"\/><\/a><\/figure>\n\n\n\n<p class=\"has-text-color has-small-font-size\" style=\"color:#6d6d6d\"><strong><em>\u00bfDe d\u00f3nde surge esta idea?<\/em><\/strong><br>Me encantan las cartas y, una de mis barajas favoritas es Las Cartas del Or\u00e1culo de las Diosas, de la Dra. Doreen Virtue. Inspirada en su trabajo, la idea de este proyecto que os presento, es tener nuestra propia baraja de cartas con nuestras propias divinidades y mensajes para guiarnos a nostras mismas y al resto de compa\u00f1eras.<\/p>\n\n\n\n<p class=\"has-text-color has-small-font-size\" style=\"color:#6d6d6d\"><strong><em>\u00bfEn qu\u00e9 consiste?<\/em><\/strong><br>Primero de todo, es un trabajo de conoceros, buscar con qu\u00e9 os sent\u00eds identificadas cada una de vosotras y, a partir de ah\u00ed, vamos puliendo conceptos para preparar vuestro retrato como Diosa.&nbsp;<br><br>Es un trabajo grupal, as\u00ed que la preparaci\u00f3n de vestuario, complementos y maquillaje, es algo que trabajamos conjuntamente antes y durante la sesi\u00f3n, al fin y al cabo, tambi\u00e9n hay que dejar salir a nuestra ni\u00f1a interior.<br><br>La idea es que disfrut\u00e9is de todo el proceso de creaci\u00f3n y conseguir un espacio seguro donde os sint\u00e1is arropadas y disfrut\u00e9is de la sesi\u00f3n para dejar relucir vuestra esencia y que se proyecte en la carta que represent\u00e1is.<\/p>\n\n\n\n<p class=\"has-text-color has-small-font-size\" style=\"color:#6d6d6d\">A continuaci\u00f3n, os muestro el trabajo que estoy realizando con mi grupo SEM (workinprogress):<\/p>\n\n\n\n<figure class=\"wp-block-gallery has-nested-images columns-default is-cropped wp-block-gallery-1 is-layout-flex wp-block-gallery-is-layout-flex\">\n<figure class=\"wp-block-image size-large\"><a href=\"https:\/\/mamutartstudio.files.wordpress.com\/2022\/10\/eva-1.jpg\"><img decoding=\"async\" data-id=\"1971\" src=\"https:\/\/mamutartstudio.files.wordpress.com\/2022\/10\/eva-1.jpg?w=1024\" alt=\"\" class=\"wp-image-1971\"\/><\/a><\/figure>\n\n\n\n<figure class=\"wp-block-image size-large\"><a href=\"https:\/\/mamutartstudio.files.wordpress.com\/2022\/10\/dibuix_lourdes.jpg\"><img decoding=\"async\" data-id=\"1973\" src=\"https:\/\/mamutartstudio.files.wordpress.com\/2022\/10\/dibuix_lourdes.jpg?w=728\" alt=\"\" class=\"wp-image-1973\"\/><\/a><\/figure>\n\n\n\n<figure class=\"wp-block-image size-large\"><a href=\"https:\/\/mamutartstudio.files.wordpress.com\/2022\/10\/dibuix_natalia.jpg\"><img decoding=\"async\" data-id=\"1974\" src=\"https:\/\/mamutartstudio.files.wordpress.com\/2022\/10\/dibuix_natalia.jpg?w=1024\" alt=\"\" class=\"wp-image-1974\"\/><\/a><\/figure>\n<\/figure>\n\n\n\n<figure class=\"wp-block-video wp-block-embed is-type-video is-provider-videopress\"><div class=\"wp-block-embed__wrapper\" style=\"max-width:245px;margin:auto;\">\n<iframe title=\"VideoPress Video Player\" aria-label='VideoPress Video Player' width='550' height='1000' src='https:\/\/video.wordpress.com\/embed\/4YLOeNCZ?cover=1&amp;preloadContent=metadata&amp;useAverageColor=1&amp;hd=1' frameborder='0' allowfullscreen data-resize-to-parent=\"true\" allow='clipboard-write'><\/iframe><script src='https:\/\/v0.wordpress.com\/js\/next\/videopress-iframe.js?m=1674852142'><\/script>\n<\/div><\/figure>\n\n\n\n<p class=\"has-text-color has-small-font-size\" style=\"color:#6d6d6d\"><strong>Formaci\u00f3n Monta tu propio estudio<\/strong><br>Estos cursos est\u00e1n orientados para profesionales que necesit\u00e9is preparar vuestro propio material fotogr\u00e1fico.<\/p>\n\n\n\n<p class=\"has-text-color has-small-font-size\" style=\"color:#6d6d6d\">Aunque de base haya buena faena, si esta no se ve reflejada en vuestras fotograf\u00edas, no llega un mensaje claro a los dem\u00e1s. Te puedo ayudar para conseguir que tengas unas fotos m\u00e1s bonitas e interesantes que realmente muestren tu trabajo.<\/p>\n\n\n\n<p class=\"has-text-color has-small-font-size\" style=\"color:#6d6d6d\">\u200b<strong><em>\u00bfCon qu\u00e9 te puedo ayudar?<\/em><\/strong><br><strong>1. &nbsp; &nbsp;Uso de la c\u00e1mara en modo manual y como configurarla. Los objetivos.<br>2. &nbsp; &nbsp;Trabaja con tu peque\u00f1o estudio.<br>3. &nbsp; &nbsp;Trabajo con luz natural, en exterior.<br>4. &nbsp; &nbsp;Composici\u00f3n, tipos de planos.<br>5. &nbsp; &nbsp;Edici\u00f3n del material con Lightroom, Camera Raw y Photoshop. Y preparaci\u00f3n para internet y redes sociales.<\/strong><br><br><\/p>\n","protected":false},"excerpt":{"rendered":"<p>Muestra tu proyecto. Dale alas a tu creatividad. Potencia tu esencia Desde que era peque\u00f1a, muchos temas art\u00edsticos que me<\/p>\n<p><a href=\"https:\/\/test.mamutartstudio.com\/index.php\/talleres\/\" class=\"more-link\">Seguir leyendo<span class=\"screen-reader-text\">Talleres<\/span><\/a><\/p>\n","protected":false},"author":1,"featured_media":1966,"parent":0,"menu_order":0,"comment_status":"closed","ping_status":"closed","template":"","meta":{"om_disable_all_campaigns":false,"_monsterinsights_skip_tracking":false,"_monsterinsights_sitenote_active":false,"_monsterinsights_sitenote_note":"","_monsterinsights_sitenote_category":0,"_uf_show_specific_survey":0,"_uf_disable_surveys":false,"footnotes":""},"class_list":["post-1518","page","type-page","status-publish","has-post-thumbnail","hentry"],"_links":{"self":[{"href":"https:\/\/test.mamutartstudio.com\/index.php\/wp-json\/wp\/v2\/pages\/1518","targetHints":{"allow":["GET"]}}],"collection":[{"href":"https:\/\/test.mamutartstudio.com\/index.php\/wp-json\/wp\/v2\/pages"}],"about":[{"href":"https:\/\/test.mamutartstudio.com\/index.php\/wp-json\/wp\/v2\/types\/page"}],"author":[{"embeddable":true,"href":"https:\/\/test.mamutartstudio.com\/index.php\/wp-json\/wp\/v2\/users\/1"}],"replies":[{"embeddable":true,"href":"https:\/\/test.mamutartstudio.com\/index.php\/wp-json\/wp\/v2\/comments?post=1518"}],"version-history":[{"count":1,"href":"https:\/\/test.mamutartstudio.com\/index.php\/wp-json\/wp\/v2\/pages\/1518\/revisions"}],"predecessor-version":[{"id":2422,"href":"https:\/\/test.mamutartstudio.com\/index.php\/wp-json\/wp\/v2\/pages\/1518\/revisions\/2422"}],"wp:featuredmedia":[{"embeddable":true,"href":"https:\/\/test.mamutartstudio.com\/index.php\/wp-json\/"}],"wp:attachment":[{"href":"https:\/\/test.mamutartstudio.com\/index.php\/wp-json\/wp\/v2\/media?parent=1518"}],"curies":[{"name":"wp","href":"https:\/\/api.w.org\/{rel}","templated":true}]}}