{"id":1517,"date":"2022-09-17T19:27:36","date_gmt":"2022-09-17T19:27:36","guid":{"rendered":"https:\/\/mamutartstudio.wordpress.com\/?page_id=1517"},"modified":"2023-07-26T11:40:33","modified_gmt":"2023-07-26T11:40:33","slug":"belly-painting","status":"publish","type":"page","link":"https:\/\/test.mamutartstudio.com\/index.php\/belly-painting\/","title":{"rendered":"Belly painting"},"content":{"rendered":"\n<figure class=\"wp-block-image alignfull size-full\"><img loading=\"lazy\" decoding=\"async\" width=\"2560\" height=\"1707\" src=\"https:\/\/mamutartstudio.com\/wp-content\/uploads\/2023\/07\/DSC_0093-Editar-scaled.jpg\" alt=\"\" class=\"wp-image-2424\" srcset=\"https:\/\/test.mamutartstudio.com\/wp-content\/uploads\/2023\/07\/DSC_0093-Editar-scaled.jpg 2560w, https:\/\/test.mamutartstudio.com\/wp-content\/uploads\/2023\/07\/DSC_0093-Editar-300x200.jpg 300w, https:\/\/test.mamutartstudio.com\/wp-content\/uploads\/2023\/07\/DSC_0093-Editar-1024x683.jpg 1024w, https:\/\/test.mamutartstudio.com\/wp-content\/uploads\/2023\/07\/DSC_0093-Editar-768x512.jpg 768w, https:\/\/test.mamutartstudio.com\/wp-content\/uploads\/2023\/07\/DSC_0093-Editar-1536x1024.jpg 1536w, https:\/\/test.mamutartstudio.com\/wp-content\/uploads\/2023\/07\/DSC_0093-Editar-2048x1365.jpg 2048w, https:\/\/test.mamutartstudio.com\/wp-content\/uploads\/2023\/07\/DSC_0093-Editar-507x338.jpg 507w\" sizes=\"auto, (max-width: 2560px) 100vw, 2560px\" \/><\/figure>\n\n\n\n<p class=\"has-light-gray-color has-text-color has-small-font-size\">Para las sesiones de embarazada puedo preparar dise\u00f1os para dibujar y pintar vuestras preciosas barrigas. <strong>\u00a1Ahora tambi\u00e9n pueden ser con pigmentos fluorescentes!<\/strong><\/p>\n\n\n\n<p class=\"has-light-gray-color has-text-color has-small-font-size\"><br>\u00bfTe gustan los tatuajes? \u00bfEres fan de alguna saga? \u00bfTe gustan los personajes Disney?&#8230; Tu prop\u00f3n tu idea y te preparar\u00e9 un dise\u00f1o personalizado para que tengas un reportaje de embarazo diferente y especial.<\/p>\n\n\n\n<p class=\"has-light-gray-color has-text-color has-small-font-size\">El belly painting es una modalidad del Body Painting y consiste en pintar con acuarelas al agua sobre la piel; son espec\u00edficas para ello. Si tambi\u00e9n a\u00f1ado al dise\u00f1o brillantitos y purpurina, el material adhesivo que utilizo es espec\u00edfico para uso corporal.<br><br>Con los pigmentos fluorescentes puedo hacer que los dibujos brillen en tu piel, consiguiendo un efecto incre\u00edble y m\u00e1gico. Para este tipo de pigmentos, las sesiones se hacen en estudio.<\/p>\n\n\n\n<figure class=\"wp-block-gallery has-nested-images columns-default is-cropped wp-block-gallery-1 is-layout-flex wp-block-gallery-is-layout-flex\">\n<figure class=\"wp-block-image size-large\"><a href=\"https:\/\/mamutartstudio.files.wordpress.com\/2022\/10\/bellypaintingaraceli.jpg\"><img decoding=\"async\" data-id=\"1842\" src=\"https:\/\/mamutartstudio.files.wordpress.com\/2022\/10\/bellypaintingaraceli.jpg?w=768\" alt=\"\" class=\"wp-image-1842\"\/><\/a><\/figure>\n\n\n\n<figure class=\"wp-block-image size-large\"><a href=\"https:\/\/mamutartstudio.files.wordpress.com\/2022\/10\/sin-titulo-1.jpg\"><img decoding=\"async\" data-id=\"1841\" src=\"https:\/\/mamutartstudio.files.wordpress.com\/2022\/10\/sin-titulo-1.jpg?w=597\" alt=\"\" class=\"wp-image-1841\"\/><\/a><\/figure>\n<\/figure>\n\n\n\n<p class=\"has-text-color has-small-font-size\" style=\"color:#6d6d6d\">A continuaci\u00f3n, pod\u00e9is ver algunos de mis trabajos y su resultado final en el reportaje de fotos:<\/p>\n\n\n\n<div class=\"wp-block-coblocks-gallery-stacked alignwide is-style-tiled\"><ul class=\"coblocks-gallery has-margin\"><li class=\"coblocks-gallery--item\"><figure class=\"coblocks-gallery--figure has-margin-bottom-10 has-margin-bottom-mobile-15\"><img decoding=\"async\" src=\"https:\/\/mamutartstudio.files.wordpress.com\/2022\/10\/01-2.jpg?w=750\" alt=\"\" data-id=\"1852\" data-imglink=\"\" class=\"wp-image-1852 has-shadow-none\"><\/figure><\/li><li class=\"coblocks-gallery--item\"><figure class=\"coblocks-gallery--figure has-margin-bottom-10 has-margin-bottom-mobile-15\"><img decoding=\"async\" src=\"https:\/\/mamutartstudio.files.wordpress.com\/2022\/10\/03.jpg?w=750\" alt=\"\" data-id=\"1853\" data-imglink=\"\" class=\"wp-image-1853 has-shadow-none\"><\/figure><\/li><li class=\"coblocks-gallery--item\"><figure class=\"coblocks-gallery--figure has-margin-bottom-10 has-margin-bottom-mobile-15\"><img decoding=\"async\" src=\"https:\/\/mamutartstudio.files.wordpress.com\/2022\/10\/dsc_0033-editar-1.jpg?w=750\" alt=\"\" data-id=\"1855\" data-imglink=\"\" class=\"wp-image-1855 has-shadow-none\"><\/figure><\/li><li class=\"coblocks-gallery--item\"><figure class=\"coblocks-gallery--figure has-margin-bottom-10 has-margin-bottom-mobile-15\"><img decoding=\"async\" src=\"https:\/\/mamutartstudio.files.wordpress.com\/2022\/10\/dsc_0053-editar-1.jpg?w=750\" alt=\"\" data-id=\"1856\" data-imglink=\"\" class=\"wp-image-1856 has-shadow-none\"><\/figure><\/li><li class=\"coblocks-gallery--item\"><figure class=\"coblocks-gallery--figure has-margin-bottom-10 has-margin-bottom-mobile-15\"><img decoding=\"async\" src=\"https:\/\/mamutartstudio.files.wordpress.com\/2022\/10\/dsc_0093-editar.jpg?w=750\" alt=\"\" data-id=\"1857\" data-imglink=\"\" class=\"wp-image-1857 has-shadow-none\"><\/figure><\/li><li class=\"coblocks-gallery--item\"><figure class=\"coblocks-gallery--figure has-margin-bottom-10 has-margin-bottom-mobile-15\"><img decoding=\"async\" src=\"https:\/\/mamutartstudio.files.wordpress.com\/2022\/10\/dsc_0124-editar-1.jpg?w=750\" alt=\"\" data-id=\"1861\" data-imglink=\"\" class=\"wp-image-1861 has-shadow-none\"><\/figure><\/li><li class=\"coblocks-gallery--item\"><figure class=\"coblocks-gallery--figure has-margin-bottom-10 has-margin-bottom-mobile-15\"><img decoding=\"async\" src=\"https:\/\/mamutartstudio.files.wordpress.com\/2017\/04\/dsc_0128-editar.jpg?w=750\" alt=\"\" data-id=\"1245\" data-imglink=\"\" class=\"wp-image-1245 has-shadow-none\"><\/figure><\/li><li class=\"coblocks-gallery--item\"><figure class=\"coblocks-gallery--figure has-margin-bottom-10 has-margin-bottom-mobile-15\"><img decoding=\"async\" src=\"https:\/\/mamutartstudio.files.wordpress.com\/2017\/04\/dsc_0132.jpg?w=750\" alt=\"\" data-id=\"1246\" data-imglink=\"\" class=\"wp-image-1246 has-shadow-none\"><\/figure><\/li><li class=\"coblocks-gallery--item\"><figure class=\"coblocks-gallery--figure has-margin-bottom-10 has-margin-bottom-mobile-15\"><img decoding=\"async\" src=\"https:\/\/mamutartstudio.files.wordpress.com\/2017\/04\/dsc_0061.jpg?w=750\" alt=\"\" data-id=\"1240\" data-imglink=\"\" class=\"wp-image-1240 has-shadow-none\"><\/figure><\/li><li class=\"coblocks-gallery--item\"><figure class=\"coblocks-gallery--figure has-margin-bottom-10 has-margin-bottom-mobile-15\"><img decoding=\"async\" src=\"https:\/\/mamutartstudio.files.wordpress.com\/2017\/04\/dsc_0005.jpg?w=750\" alt=\"\" data-id=\"1235\" data-imglink=\"\" class=\"wp-image-1235 has-shadow-none\"><\/figure><\/li><li class=\"coblocks-gallery--item\"><figure class=\"coblocks-gallery--figure has-margin-bottom-10 has-margin-bottom-mobile-15\"><img decoding=\"async\" src=\"https:\/\/mamutartstudio.files.wordpress.com\/2017\/08\/dsc_0468-editar.jpg?w=683\" alt=\"\" data-id=\"1293\" data-imglink=\"\" class=\"wp-image-1293 has-shadow-none\"><\/figure><\/li><li class=\"coblocks-gallery--item\"><figure class=\"coblocks-gallery--figure has-margin-bottom-10 has-margin-bottom-mobile-15\"><img decoding=\"async\" src=\"https:\/\/mamutartstudio.files.wordpress.com\/2017\/08\/dsc_0458-editar.jpg?w=699\" alt=\"\" data-id=\"1292\" data-imglink=\"\" class=\"wp-image-1292 has-shadow-none\"><\/figure><\/li><li class=\"coblocks-gallery--item\"><figure class=\"coblocks-gallery--figure has-margin-bottom-10 has-margin-bottom-mobile-15\"><img decoding=\"async\" src=\"https:\/\/mamutartstudio.files.wordpress.com\/2017\/08\/dsc_0455.jpg?w=708\" alt=\"\" data-id=\"1291\" data-imglink=\"\" class=\"wp-image-1291 has-shadow-none\"><\/figure><\/li><li class=\"coblocks-gallery--item\"><figure class=\"coblocks-gallery--figure has-margin-bottom-10 has-margin-bottom-mobile-15\"><img decoding=\"async\" src=\"https:\/\/mamutartstudio.files.wordpress.com\/2017\/08\/dsc_0452.jpg?w=683\" alt=\"\" data-id=\"1290\" data-imglink=\"\" class=\"wp-image-1290 has-shadow-none\"><\/figure><\/li><li class=\"coblocks-gallery--item\"><figure class=\"coblocks-gallery--figure has-margin-bottom-10 has-margin-bottom-mobile-15\"><img decoding=\"async\" src=\"https:\/\/mamutartstudio.files.wordpress.com\/2017\/08\/dsc_0425-editar.jpg?w=683\" alt=\"\" data-id=\"1288\" data-imglink=\"\" class=\"wp-image-1288 has-shadow-none\"><\/figure><\/li><\/ul><\/div>\n","protected":false},"excerpt":{"rendered":"<p>Para las sesiones de embarazada puedo preparar dise\u00f1os para dibujar y pintar vuestras preciosas barrigas. \u00a1Ahora tambi\u00e9n pueden ser con<\/p>\n<p><a href=\"https:\/\/test.mamutartstudio.com\/index.php\/belly-painting\/\" class=\"more-link\">Seguir leyendo<span class=\"screen-reader-text\">Belly painting<\/span><\/a><\/p>\n","protected":false},"author":1,"featured_media":2136,"parent":0,"menu_order":0,"comment_status":"closed","ping_status":"closed","template":"","meta":{"om_disable_all_campaigns":false,"_monsterinsights_skip_tracking":false,"_monsterinsights_sitenote_active":false,"_monsterinsights_sitenote_note":"","_monsterinsights_sitenote_category":0,"_uf_show_specific_survey":0,"_uf_disable_surveys":false,"footnotes":""},"class_list":["post-1517","page","type-page","status-publish","has-post-thumbnail","hentry"],"_links":{"self":[{"href":"https:\/\/test.mamutartstudio.com\/index.php\/wp-json\/wp\/v2\/pages\/1517","targetHints":{"allow":["GET"]}}],"collection":[{"href":"https:\/\/test.mamutartstudio.com\/index.php\/wp-json\/wp\/v2\/pages"}],"about":[{"href":"https:\/\/test.mamutartstudio.com\/index.php\/wp-json\/wp\/v2\/types\/page"}],"author":[{"embeddable":true,"href":"https:\/\/test.mamutartstudio.com\/index.php\/wp-json\/wp\/v2\/users\/1"}],"replies":[{"embeddable":true,"href":"https:\/\/test.mamutartstudio.com\/index.php\/wp-json\/wp\/v2\/comments?post=1517"}],"version-history":[{"count":1,"href":"https:\/\/test.mamutartstudio.com\/index.php\/wp-json\/wp\/v2\/pages\/1517\/revisions"}],"predecessor-version":[{"id":2425,"href":"https:\/\/test.mamutartstudio.com\/index.php\/wp-json\/wp\/v2\/pages\/1517\/revisions\/2425"}],"wp:featuredmedia":[{"embeddable":true,"href":"https:\/\/test.mamutartstudio.com\/index.php\/wp-json\/"}],"wp:attachment":[{"href":"https:\/\/test.mamutartstudio.com\/index.php\/wp-json\/wp\/v2\/media?parent=1517"}],"curies":[{"name":"wp","href":"https:\/\/api.w.org\/{rel}","templated":true}]}}