{"id":1516,"date":"2022-09-17T19:27:34","date_gmt":"2022-09-17T19:27:34","guid":{"rendered":"https:\/\/mamutartstudio.wordpress.com\/?page_id=1516"},"modified":"2024-02-20T10:07:22","modified_gmt":"2024-02-20T10:07:22","slug":"fotografia-fantasia","status":"publish","type":"page","link":"https:\/\/test.mamutartstudio.com\/index.php\/fotografia-fantasia\/","title":{"rendered":"Fotograf\u00eda de Fantas\u00eda"},"content":{"rendered":"\n<figure class=\"wp-block-image alignfull size-full\"><img loading=\"lazy\" decoding=\"async\" width=\"2000\" height=\"1333\" src=\"https:\/\/mamutartstudio.com\/wp-content\/uploads\/2023\/07\/DSC_0293-Editar-1.jpg\" alt=\"\" class=\"wp-image-2410\" srcset=\"https:\/\/test.mamutartstudio.com\/wp-content\/uploads\/2023\/07\/DSC_0293-Editar-1.jpg 2000w, https:\/\/test.mamutartstudio.com\/wp-content\/uploads\/2023\/07\/DSC_0293-Editar-1-300x200.jpg 300w, https:\/\/test.mamutartstudio.com\/wp-content\/uploads\/2023\/07\/DSC_0293-Editar-1-1024x682.jpg 1024w, https:\/\/test.mamutartstudio.com\/wp-content\/uploads\/2023\/07\/DSC_0293-Editar-1-768x512.jpg 768w, https:\/\/test.mamutartstudio.com\/wp-content\/uploads\/2023\/07\/DSC_0293-Editar-1-1536x1024.jpg 1536w, https:\/\/test.mamutartstudio.com\/wp-content\/uploads\/2023\/07\/DSC_0293-Editar-1-507x338.jpg 507w\" sizes=\"auto, (max-width: 2000px) 100vw, 2000px\" \/><\/figure>\n\n\n\n<p class=\"has-text-align-center has-text-color has-large-font-size\" style=\"color:#9b9b9b\"><em>Saca ese ser fant\u00e1stico que hay dentro de ti, transf\u00f3rmate en tu personaje de fantas\u00eda favorito.<\/em><br><\/p>\n\n\n\n<p class=\"has-text-color\" style=\"color:#9b9b9b\">\u00bfCu\u00e1l es el tema que te gusta? \u00bfQuieres transformarte en alg\u00fan ser fant\u00e1stico con el que te sientes identificad@? O, \u00bfte gustar\u00eda tener algo parecido a un cuento de hadas pero no sabes exactamente el qu\u00e9? <strong>\u00a1Hablemos junt@s!<\/strong> Es igual la edad o el peso que tengas, todo el mundo puede ser una bruja, un pr\u00edncipe, una guerrera, una sirena, un hada, un elfo&#8230; <strong>\u00a1El mundo est\u00e1 lleno de seres incre\u00edbles! \u00bftu cu\u00e1l eres?<\/strong><\/p>\n\n\n\n<p>Un regalo muy especial para celebrar un aniversario, pasar un rato con la familia, celebrar la llegada de un beb\u00e9&#8230; Un espacio de tiempo para disfrutar, re\u00edrse mucho, sentirse especial y, al final, tener tu propio cuento lleno de im\u00e1genes \u00fanicas.<\/p>\n\n\n\n<p>Durante las sesiones se trata de pas\u00e1rselo bien y relajarse. Te ir\u00e9 acompa\u00f1ando en todo momento, no se necesita experiencia delante de la c\u00e1mara. Tambi\u00e9n te ayudar\u00e9 con el estilismo, el vestuario y la ubicaci\u00f3n antes de hacer el reportaje para que todo sea perfecto.<\/p>\n\n\n\n<p>Las sesiones se pueden hacer tanto en estudio como en exterior.<\/p>\n\n\n\n<div class=\"wp-block-group\"><div class=\"wp-block-group__inner-container is-layout-constrained wp-block-group-is-layout-constrained\">\n<figure class=\"wp-block-image size-full\"><img loading=\"lazy\" decoding=\"async\" width=\"2000\" height=\"1333\" src=\"https:\/\/mamutartstudio.com\/wp-content\/uploads\/2024\/02\/Muntatge_Rosaura_Marta_Web.jpg\" alt=\"\" class=\"wp-image-2642\" srcset=\"https:\/\/test.mamutartstudio.com\/wp-content\/uploads\/2024\/02\/Muntatge_Rosaura_Marta_Web.jpg 2000w, https:\/\/test.mamutartstudio.com\/wp-content\/uploads\/2024\/02\/Muntatge_Rosaura_Marta_Web-300x200.jpg 300w, https:\/\/test.mamutartstudio.com\/wp-content\/uploads\/2024\/02\/Muntatge_Rosaura_Marta_Web-1024x682.jpg 1024w, https:\/\/test.mamutartstudio.com\/wp-content\/uploads\/2024\/02\/Muntatge_Rosaura_Marta_Web-768x512.jpg 768w, https:\/\/test.mamutartstudio.com\/wp-content\/uploads\/2024\/02\/Muntatge_Rosaura_Marta_Web-1536x1024.jpg 1536w, https:\/\/test.mamutartstudio.com\/wp-content\/uploads\/2024\/02\/Muntatge_Rosaura_Marta_Web-507x338.jpg 507w\" sizes=\"auto, (max-width: 2000px) 100vw, 2000px\" \/><\/figure>\n\n\n\n<figure class=\"wp-block-image size-full\"><img loading=\"lazy\" decoding=\"async\" width=\"1333\" height=\"2000\" src=\"https:\/\/mamutartstudio.com\/wp-content\/uploads\/2024\/02\/DSCF1305_fantasia-copia.jpg\" alt=\"\" class=\"wp-image-2637\" srcset=\"https:\/\/test.mamutartstudio.com\/wp-content\/uploads\/2024\/02\/DSCF1305_fantasia-copia.jpg 1333w, https:\/\/test.mamutartstudio.com\/wp-content\/uploads\/2024\/02\/DSCF1305_fantasia-copia-200x300.jpg 200w, https:\/\/test.mamutartstudio.com\/wp-content\/uploads\/2024\/02\/DSCF1305_fantasia-copia-682x1024.jpg 682w, https:\/\/test.mamutartstudio.com\/wp-content\/uploads\/2024\/02\/DSCF1305_fantasia-copia-768x1152.jpg 768w, https:\/\/test.mamutartstudio.com\/wp-content\/uploads\/2024\/02\/DSCF1305_fantasia-copia-1024x1536.jpg 1024w\" sizes=\"auto, (max-width: 1333px) 100vw, 1333px\" \/><\/figure>\n\n\n\n<figure class=\"wp-block-image size-full\"><img loading=\"lazy\" decoding=\"async\" width=\"1333\" height=\"2000\" src=\"https:\/\/mamutartstudio.com\/wp-content\/uploads\/2024\/02\/DSCF1051-copia.jpg\" alt=\"\" class=\"wp-image-2638\" srcset=\"https:\/\/test.mamutartstudio.com\/wp-content\/uploads\/2024\/02\/DSCF1051-copia.jpg 1333w, https:\/\/test.mamutartstudio.com\/wp-content\/uploads\/2024\/02\/DSCF1051-copia-200x300.jpg 200w, https:\/\/test.mamutartstudio.com\/wp-content\/uploads\/2024\/02\/DSCF1051-copia-682x1024.jpg 682w, https:\/\/test.mamutartstudio.com\/wp-content\/uploads\/2024\/02\/DSCF1051-copia-768x1152.jpg 768w, https:\/\/test.mamutartstudio.com\/wp-content\/uploads\/2024\/02\/DSCF1051-copia-1024x1536.jpg 1024w\" sizes=\"auto, (max-width: 1333px) 100vw, 1333px\" \/><\/figure>\n\n\n\n<figure class=\"wp-block-image size-full\"><img loading=\"lazy\" decoding=\"async\" width=\"1707\" height=\"2560\" src=\"https:\/\/mamutartstudio.com\/wp-content\/uploads\/2024\/02\/DSCF9685_fantasia-copia-scaled.jpg\" alt=\"\" class=\"wp-image-2635\" srcset=\"https:\/\/test.mamutartstudio.com\/wp-content\/uploads\/2024\/02\/DSCF9685_fantasia-copia-scaled.jpg 1707w, https:\/\/test.mamutartstudio.com\/wp-content\/uploads\/2024\/02\/DSCF9685_fantasia-copia-200x300.jpg 200w, https:\/\/test.mamutartstudio.com\/wp-content\/uploads\/2024\/02\/DSCF9685_fantasia-copia-683x1024.jpg 683w, https:\/\/test.mamutartstudio.com\/wp-content\/uploads\/2024\/02\/DSCF9685_fantasia-copia-768x1152.jpg 768w, https:\/\/test.mamutartstudio.com\/wp-content\/uploads\/2024\/02\/DSCF9685_fantasia-copia-1024x1536.jpg 1024w, https:\/\/test.mamutartstudio.com\/wp-content\/uploads\/2024\/02\/DSCF9685_fantasia-copia-1365x2048.jpg 1365w\" sizes=\"auto, (max-width: 1707px) 100vw, 1707px\" \/><\/figure>\n\n\n\n<figure class=\"wp-block-image size-full\"><img loading=\"lazy\" decoding=\"async\" width=\"2000\" height=\"1333\" src=\"https:\/\/mamutartstudio.com\/wp-content\/uploads\/2024\/02\/DSCF9267_Fantasia.jpg\" alt=\"\" class=\"wp-image-2634\" srcset=\"https:\/\/test.mamutartstudio.com\/wp-content\/uploads\/2024\/02\/DSCF9267_Fantasia.jpg 2000w, https:\/\/test.mamutartstudio.com\/wp-content\/uploads\/2024\/02\/DSCF9267_Fantasia-300x200.jpg 300w, https:\/\/test.mamutartstudio.com\/wp-content\/uploads\/2024\/02\/DSCF9267_Fantasia-1024x682.jpg 1024w, https:\/\/test.mamutartstudio.com\/wp-content\/uploads\/2024\/02\/DSCF9267_Fantasia-768x512.jpg 768w, https:\/\/test.mamutartstudio.com\/wp-content\/uploads\/2024\/02\/DSCF9267_Fantasia-1536x1024.jpg 1536w, https:\/\/test.mamutartstudio.com\/wp-content\/uploads\/2024\/02\/DSCF9267_Fantasia-507x338.jpg 507w\" sizes=\"auto, (max-width: 2000px) 100vw, 2000px\" \/><\/figure>\n\n\n\n<figure class=\"wp-block-image size-full\"><img loading=\"lazy\" decoding=\"async\" width=\"1707\" height=\"2560\" src=\"https:\/\/mamutartstudio.com\/wp-content\/uploads\/2024\/02\/DSCF8877-scaled.jpg\" alt=\"\" class=\"wp-image-2640\" srcset=\"https:\/\/test.mamutartstudio.com\/wp-content\/uploads\/2024\/02\/DSCF8877-scaled.jpg 1707w, https:\/\/test.mamutartstudio.com\/wp-content\/uploads\/2024\/02\/DSCF8877-200x300.jpg 200w, https:\/\/test.mamutartstudio.com\/wp-content\/uploads\/2024\/02\/DSCF8877-683x1024.jpg 683w, https:\/\/test.mamutartstudio.com\/wp-content\/uploads\/2024\/02\/DSCF8877-768x1152.jpg 768w, https:\/\/test.mamutartstudio.com\/wp-content\/uploads\/2024\/02\/DSCF8877-1024x1536.jpg 1024w, https:\/\/test.mamutartstudio.com\/wp-content\/uploads\/2024\/02\/DSCF8877-1365x2048.jpg 1365w\" sizes=\"auto, (max-width: 1707px) 100vw, 1707px\" \/><\/figure>\n\n\n\n<figure class=\"wp-block-image size-full\"><img loading=\"lazy\" decoding=\"async\" width=\"2560\" height=\"1707\" src=\"https:\/\/mamutartstudio.com\/wp-content\/uploads\/2024\/02\/DSC_0169-Editar-scaled.jpg\" alt=\"\" class=\"wp-image-2647\" srcset=\"https:\/\/test.mamutartstudio.com\/wp-content\/uploads\/2024\/02\/DSC_0169-Editar-scaled.jpg 2560w, https:\/\/test.mamutartstudio.com\/wp-content\/uploads\/2024\/02\/DSC_0169-Editar-300x200.jpg 300w, https:\/\/test.mamutartstudio.com\/wp-content\/uploads\/2024\/02\/DSC_0169-Editar-1024x683.jpg 1024w, https:\/\/test.mamutartstudio.com\/wp-content\/uploads\/2024\/02\/DSC_0169-Editar-768x512.jpg 768w, https:\/\/test.mamutartstudio.com\/wp-content\/uploads\/2024\/02\/DSC_0169-Editar-1536x1024.jpg 1536w, https:\/\/test.mamutartstudio.com\/wp-content\/uploads\/2024\/02\/DSC_0169-Editar-2048x1365.jpg 2048w, https:\/\/test.mamutartstudio.com\/wp-content\/uploads\/2024\/02\/DSC_0169-Editar-507x338.jpg 507w\" sizes=\"auto, (max-width: 2560px) 100vw, 2560px\" \/><\/figure>\n\n\n\n<figure class=\"wp-block-image size-full\"><img loading=\"lazy\" decoding=\"async\" width=\"1333\" height=\"2000\" src=\"https:\/\/mamutartstudio.com\/wp-content\/uploads\/2024\/02\/DSCF9118_magica.jpg\" alt=\"\" class=\"wp-image-2641\" srcset=\"https:\/\/test.mamutartstudio.com\/wp-content\/uploads\/2024\/02\/DSCF9118_magica.jpg 1333w, https:\/\/test.mamutartstudio.com\/wp-content\/uploads\/2024\/02\/DSCF9118_magica-200x300.jpg 200w, https:\/\/test.mamutartstudio.com\/wp-content\/uploads\/2024\/02\/DSCF9118_magica-682x1024.jpg 682w, https:\/\/test.mamutartstudio.com\/wp-content\/uploads\/2024\/02\/DSCF9118_magica-768x1152.jpg 768w, https:\/\/test.mamutartstudio.com\/wp-content\/uploads\/2024\/02\/DSCF9118_magica-1024x1536.jpg 1024w\" sizes=\"auto, (max-width: 1333px) 100vw, 1333px\" \/><\/figure>\n\n\n\n<figure class=\"wp-block-image size-large\"><img loading=\"lazy\" decoding=\"async\" width=\"683\" height=\"1024\" src=\"https:\/\/mamutartstudio.com\/wp-content\/uploads\/2023\/07\/DSCF6996_2_web-683x1024.jpg\" alt=\"\" class=\"wp-image-2492\" srcset=\"https:\/\/test.mamutartstudio.com\/wp-content\/uploads\/2023\/07\/DSCF6996_2_web-683x1024.jpg 683w, https:\/\/test.mamutartstudio.com\/wp-content\/uploads\/2023\/07\/DSCF6996_2_web-200x300.jpg 200w, https:\/\/test.mamutartstudio.com\/wp-content\/uploads\/2023\/07\/DSCF6996_2_web-768x1151.jpg 768w, https:\/\/test.mamutartstudio.com\/wp-content\/uploads\/2023\/07\/DSCF6996_2_web-1025x1536.jpg 1025w, https:\/\/test.mamutartstudio.com\/wp-content\/uploads\/2023\/07\/DSCF6996_2_web.jpg 1334w\" sizes=\"auto, (max-width: 683px) 100vw, 683px\" \/><\/figure>\n\n\n\n<figure class=\"wp-block-image size-large\"><img loading=\"lazy\" decoding=\"async\" width=\"1024\" height=\"682\" src=\"https:\/\/mamutartstudio.com\/wp-content\/uploads\/2023\/07\/DSC_0843-Editar-1024x682.jpg\" alt=\"\" class=\"wp-image-2444\" srcset=\"https:\/\/test.mamutartstudio.com\/wp-content\/uploads\/2023\/07\/DSC_0843-Editar-1024x682.jpg 1024w, https:\/\/test.mamutartstudio.com\/wp-content\/uploads\/2023\/07\/DSC_0843-Editar-300x200.jpg 300w, https:\/\/test.mamutartstudio.com\/wp-content\/uploads\/2023\/07\/DSC_0843-Editar-768x512.jpg 768w, https:\/\/test.mamutartstudio.com\/wp-content\/uploads\/2023\/07\/DSC_0843-Editar-1536x1024.jpg 1536w, https:\/\/test.mamutartstudio.com\/wp-content\/uploads\/2023\/07\/DSC_0843-Editar-507x338.jpg 507w, https:\/\/test.mamutartstudio.com\/wp-content\/uploads\/2023\/07\/DSC_0843-Editar.jpg 2000w\" sizes=\"auto, (max-width: 1024px) 100vw, 1024px\" \/><\/figure>\n\n\n\n<figure class=\"wp-block-image size-large\"><img loading=\"lazy\" decoding=\"async\" width=\"682\" height=\"1024\" src=\"https:\/\/mamutartstudio.com\/wp-content\/uploads\/2024\/02\/Sirena-682x1024.jpg\" alt=\"\" class=\"wp-image-2643\" srcset=\"https:\/\/test.mamutartstudio.com\/wp-content\/uploads\/2024\/02\/Sirena-682x1024.jpg 682w, https:\/\/test.mamutartstudio.com\/wp-content\/uploads\/2024\/02\/Sirena-200x300.jpg 200w, https:\/\/test.mamutartstudio.com\/wp-content\/uploads\/2024\/02\/Sirena-768x1153.jpg 768w, https:\/\/test.mamutartstudio.com\/wp-content\/uploads\/2024\/02\/Sirena-1023x1536.jpg 1023w, https:\/\/test.mamutartstudio.com\/wp-content\/uploads\/2024\/02\/Sirena.jpg 1082w\" sizes=\"auto, (max-width: 682px) 100vw, 682px\" \/><\/figure>\n\n\n\n<figure class=\"wp-block-image size-large\"><img loading=\"lazy\" decoding=\"async\" width=\"1024\" height=\"576\" src=\"https:\/\/mamutartstudio.com\/wp-content\/uploads\/2023\/07\/Ninfa-1024x576.jpg\" alt=\"\" class=\"wp-image-2468\" srcset=\"https:\/\/test.mamutartstudio.com\/wp-content\/uploads\/2023\/07\/Ninfa-1024x576.jpg 1024w, https:\/\/test.mamutartstudio.com\/wp-content\/uploads\/2023\/07\/Ninfa-300x169.jpg 300w, https:\/\/test.mamutartstudio.com\/wp-content\/uploads\/2023\/07\/Ninfa-768x432.jpg 768w, https:\/\/test.mamutartstudio.com\/wp-content\/uploads\/2023\/07\/Ninfa-1536x864.jpg 1536w, https:\/\/test.mamutartstudio.com\/wp-content\/uploads\/2023\/07\/Ninfa.jpg 1920w\" sizes=\"auto, (max-width: 1024px) 100vw, 1024px\" \/><\/figure>\n\n\n\n<figure class=\"wp-block-image size-large\"><img loading=\"lazy\" decoding=\"async\" width=\"682\" height=\"1024\" src=\"https:\/\/mamutartstudio.com\/wp-content\/uploads\/2023\/07\/IMG_1168-Editar-682x1024.jpg\" alt=\"\" class=\"wp-image-2359\" srcset=\"https:\/\/test.mamutartstudio.com\/wp-content\/uploads\/2023\/07\/IMG_1168-Editar-682x1024.jpg 682w, https:\/\/test.mamutartstudio.com\/wp-content\/uploads\/2023\/07\/IMG_1168-Editar-200x300.jpg 200w, https:\/\/test.mamutartstudio.com\/wp-content\/uploads\/2023\/07\/IMG_1168-Editar-768x1152.jpg 768w, https:\/\/test.mamutartstudio.com\/wp-content\/uploads\/2023\/07\/IMG_1168-Editar-1024x1536.jpg 1024w, https:\/\/test.mamutartstudio.com\/wp-content\/uploads\/2023\/07\/IMG_1168-Editar.jpg 1333w\" sizes=\"auto, (max-width: 682px) 100vw, 682px\" \/><\/figure>\n\n\n\n<figure class=\"wp-block-image size-large\"><img loading=\"lazy\" decoding=\"async\" width=\"683\" height=\"1024\" src=\"https:\/\/mamutartstudio.com\/wp-content\/uploads\/2023\/07\/DSCF7194_2_web-683x1024.jpg\" alt=\"\" class=\"wp-image-2441\" srcset=\"https:\/\/test.mamutartstudio.com\/wp-content\/uploads\/2023\/07\/DSCF7194_2_web-683x1024.jpg 683w, https:\/\/test.mamutartstudio.com\/wp-content\/uploads\/2023\/07\/DSCF7194_2_web-200x300.jpg 200w, https:\/\/test.mamutartstudio.com\/wp-content\/uploads\/2023\/07\/DSCF7194_2_web-768x1152.jpg 768w, https:\/\/test.mamutartstudio.com\/wp-content\/uploads\/2023\/07\/DSCF7194_2_web-1024x1536.jpg 1024w, https:\/\/test.mamutartstudio.com\/wp-content\/uploads\/2023\/07\/DSCF7194_2_web-1365x2048.jpg 1365w, https:\/\/test.mamutartstudio.com\/wp-content\/uploads\/2023\/07\/DSCF7194_2_web-scaled.jpg 1707w\" sizes=\"auto, (max-width: 683px) 100vw, 683px\" \/><\/figure>\n\n\n\n<figure class=\"wp-block-image size-large\"><img loading=\"lazy\" decoding=\"async\" width=\"1024\" height=\"683\" src=\"https:\/\/mamutartstudio.com\/wp-content\/uploads\/2024\/02\/Shtriga-1024x683.jpg\" alt=\"\" class=\"wp-image-2644\" srcset=\"https:\/\/test.mamutartstudio.com\/wp-content\/uploads\/2024\/02\/Shtriga-1024x683.jpg 1024w, https:\/\/test.mamutartstudio.com\/wp-content\/uploads\/2024\/02\/Shtriga-300x200.jpg 300w, https:\/\/test.mamutartstudio.com\/wp-content\/uploads\/2024\/02\/Shtriga-768x512.jpg 768w, https:\/\/test.mamutartstudio.com\/wp-content\/uploads\/2024\/02\/Shtriga-1536x1024.jpg 1536w, https:\/\/test.mamutartstudio.com\/wp-content\/uploads\/2024\/02\/Shtriga-2048x1365.jpg 2048w, https:\/\/test.mamutartstudio.com\/wp-content\/uploads\/2024\/02\/Shtriga-507x338.jpg 507w\" sizes=\"auto, (max-width: 1024px) 100vw, 1024px\" \/><\/figure>\n<\/div><\/div>\n\n\n\n<div class=\"wp-block-columns is-layout-flex wp-container-core-columns-is-layout-9d6595d7 wp-block-columns-is-layout-flex\">\n<div class=\"wp-block-column is-layout-flow wp-block-column-is-layout-flow\" style=\"flex-basis:100%\"><\/div>\n<\/div>\n","protected":false},"excerpt":{"rendered":"<p>Saca ese ser fant\u00e1stico que hay dentro de ti, transf\u00f3rmate en tu personaje de fantas\u00eda favorito. \u00bfCu\u00e1l es el tema<\/p>\n<p><a href=\"https:\/\/test.mamutartstudio.com\/index.php\/fotografia-fantasia\/\" class=\"more-link\">Seguir leyendo<span class=\"screen-reader-text\">Fotograf\u00eda de Fantas\u00eda<\/span><\/a><\/p>\n","protected":false},"author":1,"featured_media":1786,"parent":0,"menu_order":0,"comment_status":"closed","ping_status":"closed","template":"","meta":{"om_disable_all_campaigns":false,"_monsterinsights_skip_tracking":false,"_monsterinsights_sitenote_active":false,"_monsterinsights_sitenote_note":"","_monsterinsights_sitenote_category":0,"_uf_show_specific_survey":0,"_uf_disable_surveys":false,"footnotes":""},"class_list":["post-1516","page","type-page","status-publish","has-post-thumbnail","hentry"],"_links":{"self":[{"href":"https:\/\/test.mamutartstudio.com\/index.php\/wp-json\/wp\/v2\/pages\/1516","targetHints":{"allow":["GET"]}}],"collection":[{"href":"https:\/\/test.mamutartstudio.com\/index.php\/wp-json\/wp\/v2\/pages"}],"about":[{"href":"https:\/\/test.mamutartstudio.com\/index.php\/wp-json\/wp\/v2\/types\/page"}],"author":[{"embeddable":true,"href":"https:\/\/test.mamutartstudio.com\/index.php\/wp-json\/wp\/v2\/users\/1"}],"replies":[{"embeddable":true,"href":"https:\/\/test.mamutartstudio.com\/index.php\/wp-json\/wp\/v2\/comments?post=1516"}],"version-history":[{"count":6,"href":"https:\/\/test.mamutartstudio.com\/index.php\/wp-json\/wp\/v2\/pages\/1516\/revisions"}],"predecessor-version":[{"id":2648,"href":"https:\/\/test.mamutartstudio.com\/index.php\/wp-json\/wp\/v2\/pages\/1516\/revisions\/2648"}],"wp:featuredmedia":[{"embeddable":true,"href":"https:\/\/test.mamutartstudio.com\/index.php\/wp-json\/"}],"wp:attachment":[{"href":"https:\/\/test.mamutartstudio.com\/index.php\/wp-json\/wp\/v2\/media?parent=1516"}],"curies":[{"name":"wp","href":"https:\/\/api.w.org\/{rel}","templated":true}]}}