{"id":1494,"date":"2022-09-17T18:20:29","date_gmt":"2022-09-17T18:20:29","guid":{"rendered":"https:\/\/mamut-artstudio.com\/?page_id=1494"},"modified":"2024-04-07T16:32:36","modified_gmt":"2024-04-07T16:32:36","slug":"en-reformas","status":"publish","type":"page","link":"https:\/\/test.mamutartstudio.com\/","title":{"rendered":"Comuniones 2024"},"content":{"rendered":"<h3 class=\"has-text-align-center has-light-gray-color has-text-color has-large-font-size\" style=\"text-align: center;\"><strong>\u00a1Bienvenidos a un lugar lleno de Fantas\u00eda!<\/strong><\/h3>\n<h4 class=\"has-text-align-center has-light-gray-color has-text-color has-large-font-size\" style=\"text-align: center;\"><em>\u00a1El mundo est\u00e1 lleno de historias maravillosas que contar! Y t\u00fa eres el\/la protagonista de una de ellas.<\/em><\/h4>\n\n\n<p class=\"has-text-align-center has-light-gray-color has-text-color\"><\/p>\n\n\n<figure class=\"wp-block-image aligncenter size-full is-resized\"><img loading=\"lazy\" decoding=\"async\" class=\"wp-image-2433 aligncenter\" src=\"https:\/\/mamutartstudio.com\/wp-content\/uploads\/2023\/07\/Logo_Web.png\" alt=\"\" width=\"296\" height=\"154\" srcset=\"https:\/\/test.mamutartstudio.com\/wp-content\/uploads\/2023\/07\/Logo_Web.png 600w, https:\/\/test.mamutartstudio.com\/wp-content\/uploads\/2023\/07\/Logo_Web-300x157.png 300w\" sizes=\"auto, (max-width: 296px) 100vw, 296px\" \/><\/figure>\n<div class=\"wp-block-spacer\" style=\"height: 17px;\" aria-hidden=\"true\">\u00a0<\/div>\n\n\n<p class=\"has-light-gray-color has-text-color\">Soy Lourdes Nicolich, artista visual y me gusta mezclar diferentes disciplinas art\u00edsticas para conseguir trabajos \u00fanicos. <br>Un reportaje de fotos no solo consiste en que te pongas delante de mi c\u00e1mara y yo vaya haciendo \u201cclics\u201d. Es un proceso elaborado en el que me gusta que participes y en el que te sientas a gusto y relajad@.<\/p>\n\n\n<div class=\"wp-block-spacer\" style=\"height: 23px;\" aria-hidden=\"true\">\u00a0<\/div>\n<h3 class=\"has-text-align-center has-white-color has-text-color has-normal-font-size\"><strong>\u00a1Ya est\u00e1n aqu\u00ed las Sesiones de Primavera!\u00a0<\/strong><\/h3>\n\n\n<p class=\"has-text-align-center has-light-gray-color has-text-color has-small-font-size\">\u00bfTe vienes a volar con la Dragona Rosaura? <a href=\"https:\/\/mamutartstudio.com\/index.php\/primavera-2023-cuentos-de-sant-jordi\/\">Aqu\u00ed encontrar\u00e1s toda la informaci\u00f3n para poder reservar tu sesi\u00f3n.<\/a><\/p>\n\n\n<div class=\"wp-block-image\">\n<figure class=\"aligncenter size-full\"><img loading=\"lazy\" decoding=\"async\" width=\"2000\" height=\"1333\" src=\"https:\/\/mamutartstudio.com\/wp-content\/uploads\/2024\/02\/Muntatge_Rosaura_Marta_Web.jpg\" alt=\"\" class=\"wp-image-2642\" srcset=\"https:\/\/test.mamutartstudio.com\/wp-content\/uploads\/2024\/02\/Muntatge_Rosaura_Marta_Web.jpg 2000w, https:\/\/test.mamutartstudio.com\/wp-content\/uploads\/2024\/02\/Muntatge_Rosaura_Marta_Web-300x200.jpg 300w, https:\/\/test.mamutartstudio.com\/wp-content\/uploads\/2024\/02\/Muntatge_Rosaura_Marta_Web-1024x682.jpg 1024w, https:\/\/test.mamutartstudio.com\/wp-content\/uploads\/2024\/02\/Muntatge_Rosaura_Marta_Web-768x512.jpg 768w, https:\/\/test.mamutartstudio.com\/wp-content\/uploads\/2024\/02\/Muntatge_Rosaura_Marta_Web-1536x1024.jpg 1536w, https:\/\/test.mamutartstudio.com\/wp-content\/uploads\/2024\/02\/Muntatge_Rosaura_Marta_Web-507x338.jpg 507w\" sizes=\"auto, (max-width: 2000px) 100vw, 2000px\" \/><\/figure>\n<\/div>\n\n<h2 class=\"has-text-align-center wp-block-post-title\">Comuniones 2024<\/h2>\n\n\n<p class=\"has-text-align-center has-white-color has-text-color has-link-color has-normal-font-size wp-elements-7632709f2200d3cca449b5dec94a24b6\"><strong>Sesiones llenas de momentos m\u00e1gicos, emoci\u00f3n y ternura<\/strong>, donde capturaremos la esencia de vuestros peque\u00f1os en esta celebraci\u00f3n tan especial. Puedes hacer <strong><a href=\"https:\/\/mamutartstudio.com\/index.php\/sesiones-de-comunion-2024\/\">click aqu\u00ed<\/a><\/strong> para ver toda la informaci\u00f3n.<\/p>\n\n\n<div class=\"wp-block-image\">\n<figure class=\"aligncenter size-full\"><img loading=\"lazy\" decoding=\"async\" width=\"1707\" height=\"2560\" src=\"https:\/\/mamutartstudio.com\/wp-content\/uploads\/2024\/04\/Fine_Art02-scaled.jpg\" alt=\"\" class=\"wp-image-2661\" srcset=\"https:\/\/test.mamutartstudio.com\/wp-content\/uploads\/2024\/04\/Fine_Art02-scaled.jpg 1707w, https:\/\/test.mamutartstudio.com\/wp-content\/uploads\/2024\/04\/Fine_Art02-200x300.jpg 200w, https:\/\/test.mamutartstudio.com\/wp-content\/uploads\/2024\/04\/Fine_Art02-683x1024.jpg 683w, https:\/\/test.mamutartstudio.com\/wp-content\/uploads\/2024\/04\/Fine_Art02-768x1152.jpg 768w, https:\/\/test.mamutartstudio.com\/wp-content\/uploads\/2024\/04\/Fine_Art02-1024x1536.jpg 1024w, https:\/\/test.mamutartstudio.com\/wp-content\/uploads\/2024\/04\/Fine_Art02-1365x2048.jpg 1365w\" sizes=\"auto, (max-width: 1707px) 100vw, 1707px\" \/><\/figure>\n<\/div>\n\n<div class=\"wp-block-spacer\" style=\"height: 100px;\" aria-hidden=\"true\">\u00a0<\/div>\n\n\n<div class=\"wp-block-media-text is-stacked-on-mobile\">\n<figure class=\"wp-block-media-text__media\"><img loading=\"lazy\" decoding=\"async\" width=\"682\" height=\"1024\" class=\"wp-image-2359 size-full alignleft\" src=\"https:\/\/mamutartstudio.com\/wp-content\/uploads\/2023\/07\/IMG_1168-Editar-682x1024.jpg\" alt=\"\" srcset=\"https:\/\/test.mamutartstudio.com\/wp-content\/uploads\/2023\/07\/IMG_1168-Editar-682x1024.jpg 682w, https:\/\/test.mamutartstudio.com\/wp-content\/uploads\/2023\/07\/IMG_1168-Editar-200x300.jpg 200w, https:\/\/test.mamutartstudio.com\/wp-content\/uploads\/2023\/07\/IMG_1168-Editar-768x1152.jpg 768w, https:\/\/test.mamutartstudio.com\/wp-content\/uploads\/2023\/07\/IMG_1168-Editar-1024x1536.jpg 1024w, https:\/\/test.mamutartstudio.com\/wp-content\/uploads\/2023\/07\/IMG_1168-Editar.jpg 1333w\" sizes=\"auto, (max-width: 682px) 100vw, 682px\" \/><\/figure>\n<div class=\"wp-block-media-text__content\">\n\n<h4 class=\"wp-block-heading margin-bottom-half has-white-color has-text-color\" style=\"font-size: 35px; line-height: 1.26;\"><strong>Fotograf\u00eda de fantas\u00eda<\/strong><\/h4>\n\n\n<p class=\"margin-top-half has-light-gray-color has-text-color has-small-font-size\" style=\"line-height: 1.65;\">La magia y la fantas\u00eda est\u00e1n por todas partes. Me encanta dise\u00f1ar mundos fant\u00e1sticos donde pod\u00e1is sentiros como aut\u00e9nticos protagonistas de cuento. Tambi\u00e9n me gusta escuchar vuestros propios relatos, ser capaz de transmitir vuestra propia historia y poder mostrar ese ser fant\u00e1stico que habita en vuestro interior.<\/p>\n\n\n<div class=\"wp-block-buttons is-layout-flex wp-block-buttons-is-layout-flex\">\n\n<div class=\"wp-block-button\"><a class=\"wp-block-button__link has-primary-background-color has-text-color has-background wp-element-button\" style=\"border-radius: 2px; color: #ffffff;\" href=\"https:\/\/mamutartstudio.com\/index.php\/fotografia-fantasia\/\">Ver m\u00e1s<\/a><\/div>\n\n<\/div>\n\n<\/div>\n<\/div>\n\n\n\n<div class=\"wp-block-media-text has-media-on-the-right is-stacked-on-mobile\"><div class=\"wp-block-media-text__content\">\n<h3 class=\"wp-block-heading\">\u00a0<\/h3>\n<h3 class=\"wp-block-heading margin-bottom-half has-white-color has-text-color\" style=\"font-size: 35px; line-height: 1.26;\"><strong>Belly painting<\/strong><\/h3>\n\n\n\n<p class=\"has-light-gray-color has-text-color has-small-font-size\">Para las sesiones de embarazada preparo dise\u00f1os para dibujar y pintar vuestras preciosas barrigas. Y para hacer tu sesi\u00f3n a\u00fan m\u00e1s m\u00e1gica y especial, tengo la opci\u00f3n de pintar con pigmentos fluorescentes.<\/p>\n\n\n\n<div class=\"wp-block-buttons is-layout-flex wp-block-buttons-is-layout-flex\">\n<div class=\"wp-block-button\"><a class=\"wp-block-button__link has-primary-background-color has-text-color has-background wp-element-button\" href=\"https:\/\/mamutartstudio.com\/index.php\/belly-painting\/\" style=\"border-radius:2px;color:#ffffff\">Ver m\u00e1s<\/a><\/div>\n<\/div>\n<\/div><figure class=\"wp-block-media-text__media\"><img loading=\"lazy\" decoding=\"async\" width=\"797\" height=\"1024\" src=\"https:\/\/mamutartstudio.com\/wp-content\/uploads\/2023\/07\/DSC_0124-Editar-797x1024.jpg\" alt=\"\" class=\"wp-image-2360 size-full\" srcset=\"https:\/\/test.mamutartstudio.com\/wp-content\/uploads\/2023\/07\/DSC_0124-Editar-797x1024.jpg 797w, https:\/\/test.mamutartstudio.com\/wp-content\/uploads\/2023\/07\/DSC_0124-Editar-233x300.jpg 233w, https:\/\/test.mamutartstudio.com\/wp-content\/uploads\/2023\/07\/DSC_0124-Editar-768x987.jpg 768w, https:\/\/test.mamutartstudio.com\/wp-content\/uploads\/2023\/07\/DSC_0124-Editar-1195x1536.jpg 1195w, https:\/\/test.mamutartstudio.com\/wp-content\/uploads\/2023\/07\/DSC_0124-Editar.jpg 1556w\" sizes=\"auto, (max-width: 797px) 100vw, 797px\" \/><\/figure><\/div>\n\n\n\n<div class=\"wp-block-media-text is-stacked-on-mobile\"><figure class=\"wp-block-media-text__media\"><img loading=\"lazy\" decoding=\"async\" width=\"1024\" height=\"682\" src=\"https:\/\/mamutartstudio.com\/wp-content\/uploads\/2023\/07\/DSC_1182-Editar-1024x682.jpg\" alt=\"\" class=\"wp-image-2371 size-full\" srcset=\"https:\/\/test.mamutartstudio.com\/wp-content\/uploads\/2023\/07\/DSC_1182-Editar-1024x682.jpg 1024w, https:\/\/test.mamutartstudio.com\/wp-content\/uploads\/2023\/07\/DSC_1182-Editar-300x200.jpg 300w, https:\/\/test.mamutartstudio.com\/wp-content\/uploads\/2023\/07\/DSC_1182-Editar-768x512.jpg 768w, https:\/\/test.mamutartstudio.com\/wp-content\/uploads\/2023\/07\/DSC_1182-Editar-1536x1024.jpg 1536w, https:\/\/test.mamutartstudio.com\/wp-content\/uploads\/2023\/07\/DSC_1182-Editar-507x338.jpg 507w, https:\/\/test.mamutartstudio.com\/wp-content\/uploads\/2023\/07\/DSC_1182-Editar.jpg 2000w\" sizes=\"auto, (max-width: 1024px) 100vw, 1024px\" \/><\/figure><div class=\"wp-block-media-text__content\">\n<h3 class=\"wp-block-heading margin-bottom-half has-white-color has-text-color\" style=\"font-size:35px;line-height:1.26\"><strong>Artista<\/strong><\/h3>\n\n\n\n<p class=\"margin-top-half has-light-gray-color has-text-color has-small-font-size\" style=\"line-height:1.65\">Si eres artista y necesitas fotograf\u00edas para tu book, para tu web, redes sociales, carteles promocionales\u2026 Te puedo ayudar para que tengas unas fotograf\u00edas profesionales.<\/p>\n\n\n\n<div class=\"wp-block-buttons is-layout-flex wp-block-buttons-is-layout-flex\">\n<div class=\"wp-block-button\"><a class=\"wp-block-button__link has-primary-background-color has-text-color has-background wp-element-button\" href=\"https:\/\/mamutartstudio.com\/index.php\/artista\/\" style=\"border-radius:2px;color:#ffffff\">Ver m\u00e1s<\/a><\/div>\n<\/div>\n<\/div><\/div>\n\n\n\n<div class=\"wp-block-media-text has-media-on-the-right is-stacked-on-mobile\"><div class=\"wp-block-media-text__content\">\n<h3 class=\"wp-block-heading margin-bottom-half has-white-color has-text-color\" style=\"font-size:35px;line-height:1.26\"><strong>Talleres<\/strong><\/h3>\n\n\n\n<p class=\"margin-top-half has-light-gray-color has-text-color has-small-font-size\" style=\"line-height:1.65\">Todos los cursos y talleres que imparto est\u00e1n orientados para desarrollar tus proyectos y potenciar tu creatividad.<\/p>\n\n\n\n<div class=\"wp-block-buttons is-layout-flex wp-block-buttons-is-layout-flex\">\n<div class=\"wp-block-button\"><a class=\"wp-block-button__link has-primary-background-color has-text-color has-background wp-element-button\" href=\"https:\/\/mamutartstudio.com\/index.php\/talleres\/\" style=\"border-radius:2px;color:#ffffff\">Ver m\u00e1s<\/a><\/div>\n<\/div>\n<\/div><figure class=\"wp-block-media-text__media\"><img loading=\"lazy\" decoding=\"async\" width=\"1024\" height=\"576\" src=\"https:\/\/mamutartstudio.com\/wp-content\/uploads\/2023\/07\/1631472588624-1024x576.jpg\" alt=\"\" class=\"wp-image-2367 size-full\" srcset=\"https:\/\/test.mamutartstudio.com\/wp-content\/uploads\/2023\/07\/1631472588624-1024x576.jpg 1024w, https:\/\/test.mamutartstudio.com\/wp-content\/uploads\/2023\/07\/1631472588624-300x169.jpg 300w, https:\/\/test.mamutartstudio.com\/wp-content\/uploads\/2023\/07\/1631472588624-768x432.jpg 768w, https:\/\/test.mamutartstudio.com\/wp-content\/uploads\/2023\/07\/1631472588624-1536x864.jpg 1536w, https:\/\/test.mamutartstudio.com\/wp-content\/uploads\/2023\/07\/1631472588624.jpg 1600w\" sizes=\"auto, (max-width: 1024px) 100vw, 1024px\" \/><\/figure><\/div>\n\n\n\n<div class=\"wp-block-spacer\" style=\"height: 100px;\" aria-hidden=\"true\">\u00a0<\/div>\n\n\n\n<p class=\"has-white-color has-text-color\"><strong>\u00daltimas entradas del blog<\/strong><\/p>\n\n\n\n<div class=\"wp-block-group\"><div class=\"wp-block-group__inner-container is-layout-constrained wp-block-group-is-layout-constrained\"><ul class=\"wp-block-latest-posts__list wp-block-latest-posts\"><li><a class=\"wp-block-latest-posts__post-title\" href=\"https:\/\/test.mamutartstudio.com\/index.php\/2023\/02\/14\/reportaje-a-medida\/\">Reportaje a medida<\/a><\/li>\n<li><a class=\"wp-block-latest-posts__post-title\" href=\"https:\/\/test.mamutartstudio.com\/index.php\/2022\/11\/24\/casate-con-mamut-art-studio\/\">\u00a1C\u00e1sate con Mamut Art Studio!<\/a><\/li>\n<li><a class=\"wp-block-latest-posts__post-title\" href=\"https:\/\/test.mamutartstudio.com\/index.php\/2022\/10\/07\/navidad-2022-picnic-encantado\/\">Navidad 2022 &#8211; P\u00edcnic Encantado<\/a><\/li>\n<li><a class=\"wp-block-latest-posts__post-title\" href=\"https:\/\/test.mamutartstudio.com\/index.php\/2021\/05\/27\/participacion-en-el-programa-de-tv-visions\/\">Participaci\u00f3n en el programa de Tv Visions<\/a><\/li>\n<li><a class=\"wp-block-latest-posts__post-title\" href=\"https:\/\/test.mamutartstudio.com\/index.php\/2020\/10\/31\/felic-castanyada-i-felic-samhain\/\">Feli\u00e7 Castanyada i Feli\u00e7 Samhain<\/a><\/li>\n<\/ul><\/div><\/div>\n","protected":false},"excerpt":{"rendered":"<p>\u00a1Bienvenidos a un lugar lleno de Fantas\u00eda! \u00a1El mundo est\u00e1 lleno de historias maravillosas que contar! Y t\u00fa eres el\/la<\/p>\n<p><a href=\"https:\/\/test.mamutartstudio.com\/\" class=\"more-link\">Seguir leyendo<span class=\"screen-reader-text\">Comuniones 2024<\/span><\/a><\/p>\n","protected":false},"author":1,"featured_media":2337,"parent":2266,"menu_order":0,"comment_status":"closed","ping_status":"closed","template":"templates\/full-width-page.php","meta":{"om_disable_all_campaigns":false,"_monsterinsights_skip_tracking":false,"_monsterinsights_sitenote_active":false,"_monsterinsights_sitenote_note":"","_monsterinsights_sitenote_category":0,"_uf_show_specific_survey":0,"_uf_disable_surveys":false,"footnotes":""},"class_list":["post-1494","page","type-page","status-publish","has-post-thumbnail","hentry"],"_links":{"self":[{"href":"https:\/\/test.mamutartstudio.com\/index.php\/wp-json\/wp\/v2\/pages\/1494","targetHints":{"allow":["GET"]}}],"collection":[{"href":"https:\/\/test.mamutartstudio.com\/index.php\/wp-json\/wp\/v2\/pages"}],"about":[{"href":"https:\/\/test.mamutartstudio.com\/index.php\/wp-json\/wp\/v2\/types\/page"}],"author":[{"embeddable":true,"href":"https:\/\/test.mamutartstudio.com\/index.php\/wp-json\/wp\/v2\/users\/1"}],"replies":[{"embeddable":true,"href":"https:\/\/test.mamutartstudio.com\/index.php\/wp-json\/wp\/v2\/comments?post=1494"}],"version-history":[{"count":51,"href":"https:\/\/test.mamutartstudio.com\/index.php\/wp-json\/wp\/v2\/pages\/1494\/revisions"}],"predecessor-version":[{"id":2692,"href":"https:\/\/test.mamutartstudio.com\/index.php\/wp-json\/wp\/v2\/pages\/1494\/revisions\/2692"}],"up":[{"embeddable":true,"href":"https:\/\/test.mamutartstudio.com\/index.php\/wp-json\/wp\/v2\/pages\/2266"}],"wp:featuredmedia":[{"embeddable":true,"href":"https:\/\/test.mamutartstudio.com\/index.php\/wp-json\/wp\/v2\/media\/2337"}],"wp:attachment":[{"href":"https:\/\/test.mamutartstudio.com\/index.php\/wp-json\/wp\/v2\/media?parent=1494"}],"curies":[{"name":"wp","href":"https:\/\/api.w.org\/{rel}","templated":true}]}}